{"id":1044,"date":"2025-01-07T02:22:10","date_gmt":"2025-01-07T02:22:10","guid":{"rendered":"https:\/\/fideimss.org.mx\/inicio\/?page_id=1044"},"modified":"2025-01-14T00:14:06","modified_gmt":"2025-01-14T00:14:06","slug":"aviso-de-privacidad","status":"publish","type":"page","link":"https:\/\/fideimss.org.mx\/inicio\/aviso-de-privacidad\/","title":{"rendered":"Aviso de privacidad"},"content":{"rendered":"\t\t<div data-elementor-type=\"wp-page\" data-elementor-id=\"1044\" class=\"elementor elementor-1044\" data-elementor-post-type=\"page\">\n\t\t\t\t\t\t<section class=\"ob-is-breaking-bad elementor-section elementor-top-section elementor-element elementor-element-6ea2cbb elementor-section-boxed elementor-section-height-default elementor-section-height-default\" data-id=\"6ea2cbb\" data-element_type=\"section\" data-settings=\"{&quot;background_background&quot;:&quot;classic&quot;,&quot;_ob_bbad_use_it&quot;:&quot;yes&quot;,&quot;_ob_bbad_sssic_use&quot;:&quot;no&quot;,&quot;_ob_glider_is_slider&quot;:&quot;no&quot;}\">\n\t\t\t\t\t\t<div class=\"elementor-container elementor-column-gap-default\">\n\t\t\t\t\t<div class=\"elementor-column elementor-col-100 elementor-top-column elementor-element elementor-element-d168206\" data-id=\"d168206\" data-element_type=\"column\" data-settings=\"{&quot;_ob_bbad_is_stalker&quot;:&quot;no&quot;,&quot;_ob_teleporter_use&quot;:false,&quot;_ob_column_hoveranimator&quot;:&quot;no&quot;,&quot;_ob_column_has_pseudo&quot;:&quot;no&quot;}\">\n\t\t\t<div class=\"elementor-widget-wrap elementor-element-populated\">\n\t\t\t\t\t\t<div class=\"elementor-element elementor-element-834eb48 ob-has-background-overlay elementor-widget elementor-widget-spacer\" data-id=\"834eb48\" data-element_type=\"widget\" data-settings=\"{&quot;_ob_spacerat_use&quot;:&quot;no&quot;,&quot;_ob_perspektive_use&quot;:&quot;no&quot;,&quot;_ob_poopart_use&quot;:&quot;yes&quot;,&quot;_ob_shadough_use&quot;:&quot;no&quot;,&quot;_ob_allow_hoveranimator&quot;:&quot;no&quot;,&quot;_ob_widget_stalker_use&quot;:&quot;no&quot;}\" data-widget_type=\"spacer.default\">\n\t\t\t\t<div class=\"elementor-widget-container\">\n\t\t\t\t\t\t\t<div class=\"elementor-spacer\">\n\t\t\t<div class=\"elementor-spacer-inner\"><\/div>\n\t\t<\/div>\n\t\t\t\t\t\t<\/div>\n\t\t\t\t<\/div>\n\t\t\t\t<div class=\"elementor-element elementor-element-fc53d70 ob-harakiri-inherit ob-has-background-overlay elementor-widget elementor-widget-heading\" data-id=\"fc53d70\" data-element_type=\"widget\" data-settings=\"{&quot;_ob_use_harakiri&quot;:&quot;yes&quot;,&quot;_ob_harakiri_writing_mode&quot;:&quot;inherit&quot;,&quot;_ob_harakiri_text_clip&quot;:&quot;none&quot;,&quot;_ob_perspektive_use&quot;:&quot;no&quot;,&quot;_ob_poopart_use&quot;:&quot;yes&quot;,&quot;_ob_shadough_use&quot;:&quot;no&quot;,&quot;_ob_allow_hoveranimator&quot;:&quot;no&quot;,&quot;_ob_widget_stalker_use&quot;:&quot;no&quot;}\" data-widget_type=\"heading.default\">\n\t\t\t\t<div class=\"elementor-widget-container\">\n\t\t\t\t\t<h2 class=\"elementor-heading-title elementor-size-default\">Aviso de Privacidad<\/h2>\t\t\t\t<\/div>\n\t\t\t\t<\/div>\n\t\t\t\t<div class=\"elementor-element elementor-element-1c8bece ob-has-background-overlay elementor-widget elementor-widget-spacer\" data-id=\"1c8bece\" data-element_type=\"widget\" data-settings=\"{&quot;_ob_spacerat_use&quot;:&quot;no&quot;,&quot;_ob_perspektive_use&quot;:&quot;no&quot;,&quot;_ob_poopart_use&quot;:&quot;yes&quot;,&quot;_ob_shadough_use&quot;:&quot;no&quot;,&quot;_ob_allow_hoveranimator&quot;:&quot;no&quot;,&quot;_ob_widget_stalker_use&quot;:&quot;no&quot;}\" data-widget_type=\"spacer.default\">\n\t\t\t\t<div class=\"elementor-widget-container\">\n\t\t\t\t\t\t\t<div class=\"elementor-spacer\">\n\t\t\t<div class=\"elementor-spacer-inner\"><\/div>\n\t\t<\/div>\n\t\t\t\t\t\t<\/div>\n\t\t\t\t<\/div>\n\t\t\t\t\t<\/div>\n\t\t<\/div>\n\t\t\t\t\t<\/div>\n\t\t<\/section>\n\t\t\t\t<section class=\"ob-is-breaking-bad elementor-section elementor-top-section elementor-element elementor-element-74dd023 elementor-section-boxed elementor-section-height-default elementor-section-height-default\" data-id=\"74dd023\" data-element_type=\"section\" data-settings=\"{&quot;_ob_bbad_use_it&quot;:&quot;yes&quot;,&quot;_ob_bbad_sssic_use&quot;:&quot;no&quot;,&quot;_ob_glider_is_slider&quot;:&quot;no&quot;}\">\n\t\t\t\t\t\t<div class=\"elementor-container elementor-column-gap-default\">\n\t\t\t\t\t<div class=\"elementor-column elementor-col-100 elementor-top-column elementor-element elementor-element-954f88e\" data-id=\"954f88e\" data-element_type=\"column\" data-settings=\"{&quot;_ob_bbad_is_stalker&quot;:&quot;no&quot;,&quot;_ob_teleporter_use&quot;:false,&quot;_ob_column_hoveranimator&quot;:&quot;no&quot;,&quot;_ob_column_has_pseudo&quot;:&quot;no&quot;}\">\n\t\t\t<div class=\"elementor-widget-wrap elementor-element-populated\">\n\t\t\t\t\t\t<div class=\"elementor-element elementor-element-bc564c5 ob-has-background-overlay elementor-widget elementor-widget-spacer\" data-id=\"bc564c5\" data-element_type=\"widget\" data-settings=\"{&quot;_ob_spacerat_use&quot;:&quot;no&quot;,&quot;_ob_perspektive_use&quot;:&quot;no&quot;,&quot;_ob_poopart_use&quot;:&quot;yes&quot;,&quot;_ob_shadough_use&quot;:&quot;no&quot;,&quot;_ob_allow_hoveranimator&quot;:&quot;no&quot;,&quot;_ob_widget_stalker_use&quot;:&quot;no&quot;}\" data-widget_type=\"spacer.default\">\n\t\t\t\t<div class=\"elementor-widget-container\">\n\t\t\t\t\t\t\t<div class=\"elementor-spacer\">\n\t\t\t<div class=\"elementor-spacer-inner\"><\/div>\n\t\t<\/div>\n\t\t\t\t\t\t<\/div>\n\t\t\t\t<\/div>\n\t\t\t\t\t<\/div>\n\t\t<\/div>\n\t\t\t\t\t<\/div>\n\t\t<\/section>\n\t\t\t\t<section class=\"ob-is-breaking-bad elementor-section elementor-top-section elementor-element elementor-element-a438519 elementor-section-boxed elementor-section-height-default elementor-section-height-default\" data-id=\"a438519\" data-element_type=\"section\" data-settings=\"{&quot;_ob_bbad_use_it&quot;:&quot;yes&quot;,&quot;_ob_bbad_sssic_use&quot;:&quot;no&quot;,&quot;_ob_glider_is_slider&quot;:&quot;no&quot;}\">\n\t\t\t\t\t\t<div class=\"elementor-container elementor-column-gap-default\">\n\t\t\t\t\t<div class=\"elementor-column elementor-col-100 elementor-top-column elementor-element elementor-element-f82a41c\" data-id=\"f82a41c\" data-element_type=\"column\" data-settings=\"{&quot;_ob_bbad_is_stalker&quot;:&quot;no&quot;,&quot;_ob_teleporter_use&quot;:false,&quot;_ob_column_hoveranimator&quot;:&quot;no&quot;,&quot;_ob_column_has_pseudo&quot;:&quot;no&quot;}\">\n\t\t\t<div class=\"elementor-widget-wrap elementor-element-populated\">\n\t\t\t\t\t\t<div class=\"elementor-element elementor-element-21399d4 ob-harakiri-inherit ob-has-background-overlay elementor-widget elementor-widget-text-editor\" data-id=\"21399d4\" data-element_type=\"widget\" data-settings=\"{&quot;_ob_use_harakiri&quot;:&quot;yes&quot;,&quot;_ob_harakiri_writing_mode&quot;:&quot;inherit&quot;,&quot;_ob_postman_use&quot;:&quot;no&quot;,&quot;_ob_perspektive_use&quot;:&quot;no&quot;,&quot;_ob_poopart_use&quot;:&quot;yes&quot;,&quot;_ob_shadough_use&quot;:&quot;no&quot;,&quot;_ob_allow_hoveranimator&quot;:&quot;no&quot;,&quot;_ob_widget_stalker_use&quot;:&quot;no&quot;}\" data-widget_type=\"text-editor.default\">\n\t\t\t\t<div class=\"elementor-widget-container\">\n\t\t\t\t\t\t\t\t\t<p><span style=\"font-weight: 400;\">En el <\/span><b>Fideicomiso para el Desarrollo del Deporte<\/b><span style=\"font-weight: 400;\"> (en adelante, &#8220;el FIDEIMSS&#8221;), respetamos y protegemos la privacidad de nuestros usuarios. Este Aviso de Privacidad describe c\u00f3mo recopilamos, usamos, protegemos y compartimos la informaci\u00f3n que obtenemos a trav\u00e9s de nuestros medios digitales, incluido nuestro sitio web.<\/span><\/p><h5><span style=\"color: #235e51;\"><b>1. Identidad y Domicilio del Responsable<\/b><\/span><\/h5><p><span style=\"font-weight: 400;\">El FIDEIMSS, con domicilio en Manuel Mar\u00eda Contreras 133, Cuauht\u00e9moc, 06500 Ciudad de M\u00e9xico, CDMX, es el responsable del tratamiento de sus datos personales, en cumplimiento de lo dispuesto en la Ley Federal de Protecci\u00f3n de Datos Personales en Posesi\u00f3n de los Particulares.<\/span><\/p><h5><span style=\"color: #235e51;\"><b>2. Datos que recopilamos<\/b><\/span><\/h5><p><span style=\"font-weight: 400;\">Podemos recopilar los siguientes datos personales:<\/span><\/p><ul><li style=\"font-weight: 400;\" aria-level=\"1\"><span style=\"font-weight: 400;\">Informaci\u00f3n de contacto: nombre, correo electr\u00f3nico, tel\u00e9fono.<\/span><\/li><li style=\"font-weight: 400;\" aria-level=\"1\"><span style=\"font-weight: 400;\">Datos proporcionados a trav\u00e9s de formularios de registro, encuestas o solicitudes de informaci\u00f3n.<\/span><\/li><li style=\"font-weight: 400;\" aria-level=\"1\"><span style=\"font-weight: 400;\">Informaci\u00f3n t\u00e9cnica: direcci\u00f3n IP, tipo de navegador, sistema operativo, ubicaci\u00f3n geogr\u00e1fica y comportamiento en el sitio web (a trav\u00e9s de cookies y tecnolog\u00edas similares).<\/span><\/li><\/ul><h5><span style=\"color: #235e51;\"><b>3. Finalidades del Tratamiento de Datos<\/b><\/span><\/h5><p><span style=\"font-weight: 400;\">Los datos personales ser\u00e1n utilizados para:<\/span><\/p><ul><li style=\"font-weight: 400;\" aria-level=\"1\"><span style=\"font-weight: 400;\">Brindar informaci\u00f3n sobre programas, eventos y actividades del FIDEIMSS.<\/span><\/li><li style=\"font-weight: 400;\" aria-level=\"1\"><span style=\"font-weight: 400;\">Responder consultas y solicitudes de los usuarios.<\/span><\/li><li style=\"font-weight: 400;\" aria-level=\"1\"><span style=\"font-weight: 400;\">Mejorar la experiencia de navegaci\u00f3n en nuestro sitio web.<\/span><\/li><li style=\"font-weight: 400;\" aria-level=\"1\"><span style=\"font-weight: 400;\">Cumplir con obligaciones legales.<\/span><\/li><\/ul>\t\t\t\t\t\t\t\t<\/div>\n\t\t\t\t<\/div>\n\t\t\t\t\t<\/div>\n\t\t<\/div>\n\t\t\t\t\t<\/div>\n\t\t<\/section>\n\t\t\t\t<section class=\"ob-is-breaking-bad elementor-section elementor-top-section elementor-element elementor-element-f0b9544 elementor-section-boxed elementor-section-height-default elementor-section-height-default\" data-id=\"f0b9544\" data-element_type=\"section\" id=\"cookies\" data-settings=\"{&quot;_ob_bbad_use_it&quot;:&quot;yes&quot;,&quot;_ob_bbad_sssic_use&quot;:&quot;no&quot;,&quot;_ob_glider_is_slider&quot;:&quot;no&quot;}\">\n\t\t\t\t\t\t<div class=\"elementor-container elementor-column-gap-default\">\n\t\t\t\t\t<div class=\"elementor-column elementor-col-100 elementor-top-column elementor-element elementor-element-1a346f9\" data-id=\"1a346f9\" data-element_type=\"column\" data-settings=\"{&quot;_ob_bbad_is_stalker&quot;:&quot;no&quot;,&quot;_ob_teleporter_use&quot;:false,&quot;_ob_column_hoveranimator&quot;:&quot;no&quot;,&quot;_ob_column_has_pseudo&quot;:&quot;no&quot;}\">\n\t\t\t<div class=\"elementor-widget-wrap elementor-element-populated\">\n\t\t\t\t\t\t<div class=\"elementor-element elementor-element-3cdac8a ob-harakiri-inherit ob-has-background-overlay elementor-widget elementor-widget-text-editor\" data-id=\"3cdac8a\" data-element_type=\"widget\" data-settings=\"{&quot;_ob_use_harakiri&quot;:&quot;yes&quot;,&quot;_ob_harakiri_writing_mode&quot;:&quot;inherit&quot;,&quot;_ob_postman_use&quot;:&quot;no&quot;,&quot;_ob_perspektive_use&quot;:&quot;no&quot;,&quot;_ob_poopart_use&quot;:&quot;yes&quot;,&quot;_ob_shadough_use&quot;:&quot;no&quot;,&quot;_ob_allow_hoveranimator&quot;:&quot;no&quot;,&quot;_ob_widget_stalker_use&quot;:&quot;no&quot;}\" data-widget_type=\"text-editor.default\">\n\t\t\t\t<div class=\"elementor-widget-container\">\n\t\t\t\t\t\t\t\t\t<h5><span style=\"color: #235e51;\"><b>4. Uso de Cookies y Tecnolog\u00edas Similares<\/b><\/span><\/h5><p><span style=\"font-weight: 400;\">Nuestro sitio web utiliza cookies y tecnolog\u00edas similares para mejorar su experiencia y analizar la interacci\u00f3n con nuestros contenidos. Las cookies son peque\u00f1os archivos que se almacenan en su dispositivo al visitar nuestro sitio. Estas herramientas nos permiten:<\/span><\/p><ul><li style=\"font-weight: 400;\" aria-level=\"1\"><span style=\"font-weight: 400;\">Reconocer su dispositivo y preferencias de navegaci\u00f3n.<\/span><\/li><li style=\"font-weight: 400;\" aria-level=\"1\"><span style=\"font-weight: 400;\">Recopilar datos estad\u00edsticos para mejorar la funcionalidad del sitio.<\/span><\/li><li style=\"font-weight: 400;\" aria-level=\"1\"><span style=\"font-weight: 400;\">Ofrecer contenido personalizado.<\/span><\/li><\/ul><p><span style=\"font-weight: 400;\">Puede deshabilitar las cookies en la configuraci\u00f3n de su navegador; Sin embargo, esto podr\u00eda afectar algunas funcionalidades del sitio.<\/span><\/p><h5><span style=\"color: #235e51;\"><b>5. Transferencia de datos<\/b><\/span><\/h5><p><span style=\"font-weight: 400;\">El FIDEIMSS no compartir\u00e1 ni transferir\u00e1 sus datos personales a terceros, salvo en los casos permitidos por la ley o cuando sea necesario para el cumplimiento de nuestras obligaciones legales.<\/span><\/p><h5><span style=\"color: #235e51;\"><b>6. Medidas de seguridad<\/b><\/span><\/h5><p><span style=\"font-weight: 400;\">Hemos implementado medidas t\u00e9cnicas, administrativas y f\u00edsicas para proteger sus datos personales contra acceso no autorizado, p\u00e9rdida, alteraci\u00f3n o divulgaci\u00f3n indebida.<\/span><\/p><h5><span style=\"color: #235e51;\"><b>7. Ejercicio de Derechos ARCO<\/b><\/span><\/h5><p><span style=\"font-weight: 400;\">Usted tiene derecho a Acceder, Rectificar, Cancelar u Oponerse al tratamiento de sus datos personales (Derechos ARCO). Para ejercer estos derechos, puede comunicarse al correo electr\u00f3nico: <\/span><a href=\"mailto:contacto@fideimss.org.mx\"><span style=\"font-weight: 400;\">contacto@fideimss.org.mx<\/span><\/a> <span style=\"font-weight: 400;\">o dirigirse a nuestro domicilio.<\/span><\/p><h5><span style=\"color: #235e51;\"><b>8. Modificaciones al Aviso de Privacidad<\/b><\/span><\/h5><p><span style=\"font-weight: 400;\">Nos reservamos el derecho de actualizar este Aviso de Privacidad en cualquier momento. Cualquier cambio ser\u00e1 notificado a trav\u00e9s de nuestro sitio web.<\/span><\/p><h5><span style=\"color: #235e51;\"><strong>9. Contacto<\/strong><\/span><\/h5><p><span style=\"font-weight: 400;\">Si tiene dudas o comentarios sobre este Aviso de Privacidad, puede contactarnos a trav\u00e9s de:<\/span><\/p><ul><li style=\"font-weight: 400;\" aria-level=\"1\"><span style=\"color: #ceae7c;\"><b>Correo electr\u00f3nico<\/b><span style=\"font-weight: 400;\"> : <\/span><\/span><span style=\"color: #333333;\"><span style=\"font-weight: 400;\">contacto@fideimss.org.mx<\/span><\/span><\/li><li style=\"font-weight: 400;\" aria-level=\"1\"><span style=\"color: #ceae7c;\"><b>Tel\u00e9fono<\/b><span style=\"font-weight: 400;\"> : <\/span><\/span><span style=\"font-weight: 400;\">55 9627.9741<\/span><\/li><li style=\"font-weight: 400;\" aria-level=\"1\"><span style=\"color: #ceae7c;\"><b>Domicilio<\/b><\/span><span style=\"font-weight: 400;\"><span style=\"color: #ceae7c;\"> :<\/span> Manuel Mar\u00eda Contreras 133, Cuauht\u00e9moc, 06500 Ciudad de M\u00e9xico, CDMX.<\/span><\/li><\/ul><p>\u00a0<\/p><p><span style=\"color: #235e51;\"><strong>\u00daltima actualizaci\u00f3n: Enero 2025<\/strong><\/span><\/p>\t\t\t\t\t\t\t\t<\/div>\n\t\t\t\t<\/div>\n\t\t\t\t<div class=\"elementor-element elementor-element-918ac62 elementor-align-center elementor-hidden-desktop elementor-hidden-tablet elementor-hidden-mobile ob-has-background-overlay elementor-widget elementor-widget-button\" data-id=\"918ac62\" data-element_type=\"widget\" data-settings=\"{&quot;_ob_butterbutton_use_it&quot;:&quot;no&quot;,&quot;_ob_perspektive_use&quot;:&quot;no&quot;,&quot;_ob_poopart_use&quot;:&quot;yes&quot;,&quot;_ob_shadough_use&quot;:&quot;no&quot;,&quot;_ob_allow_hoveranimator&quot;:&quot;no&quot;,&quot;_ob_widget_stalker_use&quot;:&quot;no&quot;}\" data-widget_type=\"button.default\">\n\t\t\t\t<div class=\"elementor-widget-container\">\n\t\t\t\t\t\t\t\t\t<div class=\"elementor-button-wrapper\">\n\t\t\t\t\t<a class=\"elementor-button elementor-button-link elementor-size-sm\" href=\"https:\/\/fideimss.org.mx\/inicio\/\">\n\t\t\t\t\t\t<span class=\"elementor-button-content-wrapper\">\n\t\t\t\t\t\t\t\t\t<span class=\"elementor-button-text\">Resesar a inicio<\/span>\n\t\t\t\t\t<\/span>\n\t\t\t\t\t<\/a>\n\t\t\t\t<\/div>\n\t\t\t\t\t\t\t\t<\/div>\n\t\t\t\t<\/div>\n\t\t\t\t\t<\/div>\n\t\t<\/div>\n\t\t\t\t\t<\/div>\n\t\t<\/section>\n\t\t\t\t<\/div>\n\t\t","protected":false},"excerpt":{"rendered":"<p>Aviso de Privacidad En el Fideicomiso para el Desarrollo del Deporte (en adelante, &#8220;el FIDEIMSS&#8221;), respetamos y protegemos la privacidad de nuestros usuarios. Este Aviso de Privacidad describe c\u00f3mo recopilamos, usamos, protegemos y compartimos la informaci\u00f3n que obtenemos a trav\u00e9s de nuestros medios digitales, incluido nuestro sitio web. 1. Identidad y Domicilio del Responsable El [&hellip;]<\/p>\n","protected":false},"author":1,"featured_media":0,"parent":0,"menu_order":0,"comment_status":"closed","ping_status":"closed","template":"elementor_header_footer","meta":{"footnotes":""},"class_list":["post-1044","page","type-page","status-publish","hentry"],"jetpack_sharing_enabled":true,"_links":{"self":[{"href":"https:\/\/fideimss.org.mx\/inicio\/wp-json\/wp\/v2\/pages\/1044","targetHints":{"allow":["GET"]}}],"collection":[{"href":"https:\/\/fideimss.org.mx\/inicio\/wp-json\/wp\/v2\/pages"}],"about":[{"href":"https:\/\/fideimss.org.mx\/inicio\/wp-json\/wp\/v2\/types\/page"}],"author":[{"embeddable":true,"href":"https:\/\/fideimss.org.mx\/inicio\/wp-json\/wp\/v2\/users\/1"}],"replies":[{"embeddable":true,"href":"https:\/\/fideimss.org.mx\/inicio\/wp-json\/wp\/v2\/comments?post=1044"}],"version-history":[{"count":38,"href":"https:\/\/fideimss.org.mx\/inicio\/wp-json\/wp\/v2\/pages\/1044\/revisions"}],"predecessor-version":[{"id":2302,"href":"https:\/\/fideimss.org.mx\/inicio\/wp-json\/wp\/v2\/pages\/1044\/revisions\/2302"}],"wp:attachment":[{"href":"https:\/\/fideimss.org.mx\/inicio\/wp-json\/wp\/v2\/media?parent=1044"}],"curies":[{"name":"wp","href":"https:\/\/api.w.org\/{rel}","templated":true}]}}